{"id":59,"date":"2016-05-14T10:12:49","date_gmt":"2016-05-14T08:12:49","guid":{"rendered":"http:\/\/tv-wallbach.ch.local\/?page_id=59"},"modified":"2025-08-23T11:03:10","modified_gmt":"2025-08-23T09:03:10","slug":"mukiturnen","status":"publish","type":"page","link":"http:\/\/tv-wallbach.ch\/?page_id=59","title":{"rendered":"Mukiturnen"},"content":{"rendered":"<p><strong>Mukiturnen stellt sich vor<\/strong><\/p>\n<p>Die Kinder lernen auf spielerische Art, unter Mithilfe ihrer M\u00fctter oder V\u00e4ter, die verschiedenen Turnger\u00e4te kennen und werden in den motorischen Grundf\u00e4higkeiten wie h\u00fcpfen, springen, kriechen, klettern, werfen und fangen etc. gef\u00f6rdert. Aber auch das Singen und Spielen kommt nicht zu kurz.<\/p>\n<p>Das Muki Turnen findet in der Regel Freitagvormittag statt.<br \/>\nDie Turnsaison beginnt nach den Herbstferien bis zu den Fr\u00fchlingsferien.<br \/>\nAnmeldung immer bis Ende August f\u00fcr die kommende Turnsaison.<\/p>\n<p>Anmeldung unter: <a href=\"mailto:mukiwallbach@gmail.com\">mukiwallbach@gmail.com<\/a>.<\/p>\n<p>Bitte folgende Angaben machen: Name, E-Mail, Name des Kindes, Geburtsdatum des Kindes, Telefonnummer<\/p>\n<p>Anke Engel und Lisa Eckert<\/p>\n<h2 class=\"display-posts-title\">Aktuelle Beitr\u00e4ge<\/h2>\n<div class=\"display-posts-listing grid\"><div class=\"listing-item\"><a class=\"image\" href=\"http:\/\/tv-wallbach.ch\/?p=659\"><img loading=\"lazy\" decoding=\"async\" width=\"300\" height=\"225\" src=\"http:\/\/tv-wallbach.ch\/wp-content\/uploads\/2023\/01\/Mukiturnen-300x225.jpg\" class=\"attachment-medium size-medium wp-post-image\" alt=\"\" srcset=\"http:\/\/tv-wallbach.ch\/wp-content\/uploads\/2023\/01\/Mukiturnen-300x225.jpg 300w, http:\/\/tv-wallbach.ch\/wp-content\/uploads\/2023\/01\/Mukiturnen-1024x768.jpg 1024w, http:\/\/tv-wallbach.ch\/wp-content\/uploads\/2023\/01\/Mukiturnen-768x576.jpg 768w, http:\/\/tv-wallbach.ch\/wp-content\/uploads\/2023\/01\/Mukiturnen-1536x1152.jpg 1536w, http:\/\/tv-wallbach.ch\/wp-content\/uploads\/2023\/01\/Mukiturnen-2048x1536.jpg 2048w, http:\/\/tv-wallbach.ch\/wp-content\/uploads\/2023\/01\/Mukiturnen-128x96.jpg 128w, http:\/\/tv-wallbach.ch\/wp-content\/uploads\/2023\/01\/Mukiturnen-32x24.jpg 32w\" sizes=\"auto, (max-width: 300px) 100vw, 300px\" \/><\/a> <a class=\"title\" href=\"http:\/\/tv-wallbach.ch\/?p=659\">Jahresbericht Mukiturnen<\/a><\/div><\/div>\n","protected":false},"excerpt":{"rendered":"<p>Mukiturnen stellt sich vor Die Kinder lernen auf spielerische Art, unter Mithilfe ihrer M\u00fctter oder V\u00e4ter, die verschiedenen Turnger\u00e4te kennen und werden in den motorischen &hellip; <\/p>\n","protected":false},"author":1,"featured_media":286,"parent":12,"menu_order":1,"comment_status":"closed","ping_status":"closed","template":"","meta":{"footnotes":""},"class_list":["post-59","page","type-page","status-publish","has-post-thumbnail","hentry"],"_links":{"self":[{"href":"http:\/\/tv-wallbach.ch\/index.php?rest_route=\/wp\/v2\/pages\/59","targetHints":{"allow":["GET"]}}],"collection":[{"href":"http:\/\/tv-wallbach.ch\/index.php?rest_route=\/wp\/v2\/pages"}],"about":[{"href":"http:\/\/tv-wallbach.ch\/index.php?rest_route=\/wp\/v2\/types\/page"}],"author":[{"embeddable":true,"href":"http:\/\/tv-wallbach.ch\/index.php?rest_route=\/wp\/v2\/users\/1"}],"replies":[{"embeddable":true,"href":"http:\/\/tv-wallbach.ch\/index.php?rest_route=%2Fwp%2Fv2%2Fcomments&post=59"}],"version-history":[{"count":6,"href":"http:\/\/tv-wallbach.ch\/index.php?rest_route=\/wp\/v2\/pages\/59\/revisions"}],"predecessor-version":[{"id":826,"href":"http:\/\/tv-wallbach.ch\/index.php?rest_route=\/wp\/v2\/pages\/59\/revisions\/826"}],"up":[{"embeddable":true,"href":"http:\/\/tv-wallbach.ch\/index.php?rest_route=\/wp\/v2\/pages\/12"}],"wp:featuredmedia":[{"embeddable":true,"href":"http:\/\/tv-wallbach.ch\/index.php?rest_route=\/wp\/v2\/media\/286"}],"wp:attachment":[{"href":"http:\/\/tv-wallbach.ch\/index.php?rest_route=%2Fwp%2Fv2%2Fmedia&parent=59"}],"curies":[{"name":"wp","href":"https:\/\/api.w.org\/{rel}","templated":true}]}}