{"id":73,"date":"2016-05-14T10:16:23","date_gmt":"2016-05-14T08:16:23","guid":{"rendered":"http:\/\/tv-wallbach.ch.local\/?page_id=73"},"modified":"2016-08-15T18:40:00","modified_gmt":"2016-08-15T16:40:00","slug":"fricktaler-highlandgames","status":"publish","type":"page","link":"http:\/\/tv-wallbach.ch\/?page_id=73","title":{"rendered":"Fricktaler Highlandgames"},"content":{"rendered":"<p class=\"p1\">Die Highland-Games sind traditionelle Veranstaltungen mit sportlichen Wettk\u00e4mpfen und stammen aus der Zeit der keltischen K\u00f6nige in Schottland. Sie wurden ausgetragen, um die st\u00e4rksten und schnellsten M\u00e4nner Schottlands zu finden, die dann oft f\u00fcr den K\u00f6nig Leibw\u00e4chter und Boten wurden. Dieser Volks-Event soll bei uns zur Tradition werden. Die Sportarten im keltischen Stil fordern starke Frauen und M\u00e4nner, wobei nicht nur Kraft, sondern auch viel Geschick gefragt ist. Daher gilt: Mitmachen kann jeder.<\/p>\n<p class=\"p1\">Alle Informationen zu den Fricktaler Highlandgames finden sie hier:<\/p>\n<p class=\"p1\"><a href=\"http:\/\/www.fricktaler-highland-games.ch\/\">Fricktaler Highlandgames<\/a><\/p>\n","protected":false},"excerpt":{"rendered":"<p>Die Highland-Games sind traditionelle Veranstaltungen mit sportlichen Wettk\u00e4mpfen und stammen aus der Zeit der keltischen K\u00f6nige in Schottland. Sie wurden ausgetragen, um die st\u00e4rksten und &hellip; <\/p>\n","protected":false},"author":1,"featured_media":158,"parent":15,"menu_order":2,"comment_status":"closed","ping_status":"closed","template":"","meta":{"footnotes":""},"class_list":["post-73","page","type-page","status-publish","has-post-thumbnail","hentry"],"_links":{"self":[{"href":"http:\/\/tv-wallbach.ch\/index.php?rest_route=\/wp\/v2\/pages\/73","targetHints":{"allow":["GET"]}}],"collection":[{"href":"http:\/\/tv-wallbach.ch\/index.php?rest_route=\/wp\/v2\/pages"}],"about":[{"href":"http:\/\/tv-wallbach.ch\/index.php?rest_route=\/wp\/v2\/types\/page"}],"author":[{"embeddable":true,"href":"http:\/\/tv-wallbach.ch\/index.php?rest_route=\/wp\/v2\/users\/1"}],"replies":[{"embeddable":true,"href":"http:\/\/tv-wallbach.ch\/index.php?rest_route=%2Fwp%2Fv2%2Fcomments&post=73"}],"version-history":[{"count":3,"href":"http:\/\/tv-wallbach.ch\/index.php?rest_route=\/wp\/v2\/pages\/73\/revisions"}],"predecessor-version":[{"id":160,"href":"http:\/\/tv-wallbach.ch\/index.php?rest_route=\/wp\/v2\/pages\/73\/revisions\/160"}],"up":[{"embeddable":true,"href":"http:\/\/tv-wallbach.ch\/index.php?rest_route=\/wp\/v2\/pages\/15"}],"wp:featuredmedia":[{"embeddable":true,"href":"http:\/\/tv-wallbach.ch\/index.php?rest_route=\/wp\/v2\/media\/158"}],"wp:attachment":[{"href":"http:\/\/tv-wallbach.ch\/index.php?rest_route=%2Fwp%2Fv2%2Fmedia&parent=73"}],"curies":[{"name":"wp","href":"https:\/\/api.w.org\/{rel}","templated":true}]}}