{"id":63,"date":"2016-05-14T10:13:33","date_gmt":"2016-05-14T08:13:33","guid":{"rendered":"http:\/\/tv-wallbach.ch.local\/?page_id=63"},"modified":"2026-04-24T12:07:42","modified_gmt":"2026-04-24T10:07:42","slug":"jugi","status":"publish","type":"page","link":"https:\/\/tv-wallbach.ch\/?page_id=63","title":{"rendered":"Jugi"},"content":{"rendered":"<p>Die Jugi Wallbach bietet unseren Jugikindern, von klein bis gross, viele abwechslungsreiche Turnstunden. Damit wollen wir unseren Beitrag zur Kinder- und Jugendf\u00f6rderung leisten.<br \/>\nSport f\u00f6rdert die Kameradschaft und lernt den Kindern R\u00fccksicht auf Andere zu nehmen. Der Ehrgeiz wird geweckt und animiert H\u00f6chstleistungen zu erbringen. Durch unseren Mix aus Einzel- und Teamwettk\u00e4mpfen wollen wir den Teamgeist f\u00f6rdern und jeden auf seinem sportlichen Weg weiterbringen.<br \/>\nBei uns steht die Bewegung in Kombination mit Spass im Vordergrund.<br \/>\nAngepasst an die Jahreszeit bieten wir ein polysportives Turnangebot in der Halle und auch draussen.<\/p>\n<p><strong>Unsere Aktivit\u00e4ten<\/strong><\/p>\n<p><strong>Einzelwettk\u00e4mpfe:<\/strong> Dr Schn\u00e4llscht Fricktaler, UBS Kids Cup<br \/>\n<strong>Teamwettk\u00e4mpfe:<\/strong> Unihockeyturnier, Fricktal Games, interne Vereinsmeisterschaften und das j\u00e4hrliche Highlight ist das Turnfest<br \/>\n<strong>Weitere Anl\u00e4sse:<\/strong> Papiersammeln, Clean Up Day, Jugilager (alle 2 Jahre)<\/p>\n<p><a href=\"http:\/\/tv-wallbach.ch\/wp-content\/uploads\/2024\/12\/Bild1.png\"><img loading=\"lazy\" decoding=\"async\" class=\"alignnone size-medium wp-image-791\" src=\"http:\/\/tv-wallbach.ch\/wp-content\/uploads\/2024\/12\/Bild1-300x67.png\" alt=\"\" width=\"300\" height=\"67\" srcset=\"https:\/\/tv-wallbach.ch\/wp-content\/uploads\/2024\/12\/Bild1-300x67.png 300w, https:\/\/tv-wallbach.ch\/wp-content\/uploads\/2024\/12\/Bild1-1024x229.png 1024w, https:\/\/tv-wallbach.ch\/wp-content\/uploads\/2024\/12\/Bild1-768x172.png 768w, https:\/\/tv-wallbach.ch\/wp-content\/uploads\/2024\/12\/Bild1-1536x344.png 1536w, https:\/\/tv-wallbach.ch\/wp-content\/uploads\/2024\/12\/Bild1-128x29.png 128w, https:\/\/tv-wallbach.ch\/wp-content\/uploads\/2024\/12\/Bild1-32x7.png 32w, https:\/\/tv-wallbach.ch\/wp-content\/uploads\/2024\/12\/Bild1.png 2030w\" sizes=\"auto, (max-width: 300px) 100vw, 300px\" \/><\/a><\/p>\n<p>Wir sind ein junges, motiviertes Jugileiter-Team und freuen uns auf jeden Zuwachs in unserer Jugi, sei es als Jugikind oder als Leiter:in! \ud83d\ude42<\/p>\n<p><strong>Trainingszeiten<\/strong><\/p>\n<p><strong>1+ 2. Klasse:<\/strong><\/p>\n<p>Dienstag 17:45 \u2013 19:00 Uhr<br \/>\nLeiter*innen: Fabienne und Rafi Kaufmann, Nora Allenspach<br \/>\nKontakt: Fabienne Kaufmann (076 524 08 97)<\/p>\n<p><strong>3.+ 4. Klasse:<\/strong><\/p>\n<p>Freitag 18:00 \u2013 19:15 Uhr<br \/>\nLeiter*innen: Joelle Allenspach, Jenny Burkhard, Sophie Ruf<br \/>\nKontakt: Joelle Allenspach (076 410 73 55)<\/p>\n<p><strong>5. bis 9. Klasse:<\/strong><\/p>\n<p>Montag 18:15 \u2013 19:30 Uhr<br \/>\nLeiter*innen: Simon Kaufmann, Carmen Intlekofer, Luca Kaufmann<br \/>\nKontakt: Simon Kaufmann (079 663 67 62)<\/p>\n<p style=\"text-align: left;\"><strong>Kontakt Jugi<\/strong><\/p>\n<p>Jugi.Wallbach@gmx.ch<\/p>\n<p>Hauptjugileiterin:<br \/>\nNora Allenspach (076 505 82 40)<\/p>\n<table style=\"border-collapse: collapse; width: 100%;\">\n<tbody>\n<tr>\n<td style=\"width: 100%; border-color: #ff0000; border-style: solid;\"><strong>Wir suchen dich!<\/strong><\/p>\n<p>M\u00f6chtest du uns in den Jugistunden unterst\u00fctzen und bist du interessiert an einer Leitert\u00e4tigkeit? Dann melde dich bei uns! Wir freuen uns auf jede Unterst\u00fctzung!<\/td>\n<\/tr>\n<\/tbody>\n<\/table>\n<table style=\"border-collapse: collapse; width: 25.5986%; height: 34px;\">\n<tbody>\n<tr>\n<td style=\"width: 100%; background-color: #ff0000; text-align: center;\"><a href=\"http:\/\/tv-wallbach.ch\/wp-content\/uploads\/2023\/05\/Anmeldung-Jugi.pdf\"><span style=\"color: #ffffff;\">Anmeldung Jugi per pdf<\/span><\/a><\/td>\n<\/tr>\n<\/tbody>\n<\/table>\n\n<div class=\"wpcf7 no-js\" id=\"wpcf7-f21-o1\" lang=\"de-DE\" dir=\"ltr\" data-wpcf7-id=\"21\">\n<div class=\"screen-reader-response\"><p role=\"status\" aria-live=\"polite\" aria-atomic=\"true\"><\/p> <ul><\/ul><\/div>\n<form action=\"\/index.php?rest_route=%2Fwp%2Fv2%2Fpages%2F63#wpcf7-f21-o1\" method=\"post\" class=\"wpcf7-form init\" aria-label=\"Kontaktformular\" novalidate=\"novalidate\" data-status=\"init\">\n<fieldset class=\"hidden-fields-container\"><input type=\"hidden\" name=\"_wpcf7\" value=\"21\" \/><input type=\"hidden\" name=\"_wpcf7_version\" value=\"6.1.5\" \/><input type=\"hidden\" name=\"_wpcf7_locale\" value=\"de_DE\" \/><input type=\"hidden\" name=\"_wpcf7_unit_tag\" value=\"wpcf7-f21-o1\" \/><input type=\"hidden\" name=\"_wpcf7_container_post\" value=\"0\" \/><input type=\"hidden\" name=\"_wpcf7_posted_data_hash\" value=\"\" \/>\n<\/fieldset>\n<p>Ihr Name (Pflichtfeld)\n<\/p>\n<p><span class=\"wpcf7-form-control-wrap\" data-name=\"your-name\"><input size=\"40\" maxlength=\"400\" class=\"wpcf7-form-control wpcf7-text wpcf7-validates-as-required\" aria-required=\"true\" aria-invalid=\"false\" value=\"\" type=\"text\" name=\"your-name\" \/><\/span>\n<\/p>\n<p>Ihre E-Mail-Adresse (Pflichtfeld)\n<\/p>\n<p><span class=\"wpcf7-form-control-wrap\" data-name=\"your-email\"><input size=\"40\" maxlength=\"400\" class=\"wpcf7-form-control wpcf7-email wpcf7-validates-as-required wpcf7-text wpcf7-validates-as-email\" aria-required=\"true\" aria-invalid=\"false\" value=\"\" type=\"email\" name=\"your-email\" \/><\/span>\n<\/p>\n<p>Betreff\n<\/p>\n<p><span class=\"wpcf7-form-control-wrap\" data-name=\"your-subject\"><input size=\"40\" maxlength=\"400\" class=\"wpcf7-form-control wpcf7-text\" aria-invalid=\"false\" value=\"\" type=\"text\" name=\"your-subject\" \/><\/span>\n<\/p>\n<p>Ihre Nachricht\n<\/p>\n<p><span class=\"wpcf7-form-control-wrap\" data-name=\"your-message\"><textarea cols=\"40\" rows=\"10\" maxlength=\"2000\" class=\"wpcf7-form-control wpcf7-textarea\" aria-invalid=\"false\" name=\"your-message\"><\/textarea><\/span>\n<\/p>\n<p>Gib diesen Code ein: <input type=\"hidden\" name=\"_wpcf7_captcha_challenge_captcha-1\" value=\"2811726053\" \/><img loading=\"lazy\" decoding=\"async\" class=\"wpcf7-form-control wpcf7-captchac wpcf7-captcha-captcha-1\" width=\"72\" height=\"24\" alt=\"captcha\" src=\"https:\/\/tv-wallbach.ch\/wp-content\/uploads\/wpcf7_captcha\/2811726053.png\" \/>\n<\/p>\n<p><span class=\"wpcf7-form-control-wrap\" data-name=\"captcha-1\"><input size=\"40\" class=\"wpcf7-form-control wpcf7-captchar\" autocomplete=\"off\" aria-invalid=\"false\" value=\"\" type=\"text\" name=\"captcha-1\" \/><\/span>\n<\/p>\n<p><input class=\"wpcf7-form-control wpcf7-submit has-spinner\" type=\"submit\" value=\"Senden\" \/>\n<\/p><p style=\"display: none !important;\" class=\"akismet-fields-container\" data-prefix=\"_wpcf7_ak_\"><label>&#916;<textarea name=\"_wpcf7_ak_hp_textarea\" cols=\"45\" rows=\"8\" maxlength=\"100\"><\/textarea><\/label><input type=\"hidden\" id=\"ak_js_1\" name=\"_wpcf7_ak_js\" value=\"235\"\/><script type=\"text\/javascript\">\n\/* <![CDATA[ *\/\ndocument.getElementById( \"ak_js_1\" ).setAttribute( \"value\", ( new Date() ).getTime() );\n\/* ]]> *\/\n<\/script>\n<\/p><div class=\"wpcf7-response-output\" aria-hidden=\"true\"><\/div>\n<\/form>\n<\/div>\n\n","protected":false},"excerpt":{"rendered":"<p>Die Jugi Wallbach bietet unseren Jugikindern, von klein bis gross, viele abwechslungsreiche Turnstunden. Damit wollen wir unseren Beitrag zur Kinder- und Jugendf\u00f6rderung leisten. Sport f\u00f6rdert &hellip; <\/p>\n","protected":false},"author":1,"featured_media":780,"parent":12,"menu_order":3,"comment_status":"closed","ping_status":"closed","template":"","meta":{"footnotes":""},"class_list":["post-63","page","type-page","status-publish","has-post-thumbnail","hentry"],"_links":{"self":[{"href":"https:\/\/tv-wallbach.ch\/index.php?rest_route=\/wp\/v2\/pages\/63","targetHints":{"allow":["GET"]}}],"collection":[{"href":"https:\/\/tv-wallbach.ch\/index.php?rest_route=\/wp\/v2\/pages"}],"about":[{"href":"https:\/\/tv-wallbach.ch\/index.php?rest_route=\/wp\/v2\/types\/page"}],"author":[{"embeddable":true,"href":"https:\/\/tv-wallbach.ch\/index.php?rest_route=\/wp\/v2\/users\/1"}],"replies":[{"embeddable":true,"href":"https:\/\/tv-wallbach.ch\/index.php?rest_route=%2Fwp%2Fv2%2Fcomments&post=63"}],"version-history":[{"count":26,"href":"https:\/\/tv-wallbach.ch\/index.php?rest_route=\/wp\/v2\/pages\/63\/revisions"}],"predecessor-version":[{"id":866,"href":"https:\/\/tv-wallbach.ch\/index.php?rest_route=\/wp\/v2\/pages\/63\/revisions\/866"}],"up":[{"embeddable":true,"href":"https:\/\/tv-wallbach.ch\/index.php?rest_route=\/wp\/v2\/pages\/12"}],"wp:featuredmedia":[{"embeddable":true,"href":"https:\/\/tv-wallbach.ch\/index.php?rest_route=\/wp\/v2\/media\/780"}],"wp:attachment":[{"href":"https:\/\/tv-wallbach.ch\/index.php?rest_route=%2Fwp%2Fv2%2Fmedia&parent=63"}],"curies":[{"name":"wp","href":"https:\/\/api.w.org\/{rel}","templated":true}]}}