{"id":71,"date":"2016-05-14T10:16:00","date_gmt":"2016-05-14T08:16:00","guid":{"rendered":"http:\/\/tv-wallbach.ch.local\/?page_id=71"},"modified":"2025-03-31T06:39:36","modified_gmt":"2025-03-31T04:39:36","slug":"theater","status":"publish","type":"page","link":"https:\/\/tv-wallbach.ch\/?page_id=71","title":{"rendered":"Theater 2025"},"content":{"rendered":"<div class=\"row\">\n<div class=\"col-xs-12\">\n<div class=\"row\">\n<div class=\"col-xs-12\">\n<div class=\"row\">\n<div class=\"col-xs-12\">\n<h2>Save\u00a0 the Date<\/h2>\n<\/div>\n<\/div>\n<\/div>\n<\/div>\n<div class=\"row\">\n<div class=\"col-md-12\">\n<p>Lustspiel in zwei Akten von Claudia Gysel<\/p>\n<p class=\"theater-text\">Die Eltern von Mailin Huber und Luca St\u00e4hli erhalten ein K\u00e4rtchen mit den mysteri\u00f6sen Worten \u201eSave the Date\u201c, einem Datum im August und den Namen ihrer Kinder. Da alle kein Englisch k\u00f6nnen, \u00f6ffnet das K\u00e4rtchen zuerst einmal T\u00fcr und Tor zu den wildesten Vermutungen. Leider ist es den Eltern nicht m\u00f6glich, Kontakt mit dem Paar aufzunehmen, da die beiden ausgerechnet jetzt auf einem Trip nach Borneo sind. Und das ohne Handy. F\u00fcr die Eltern ist klar: Die beiden werden heiraten. Der Tag ist da und die Hochzeitsgesellschaft trifft mit mehr oder weniger grosser Vorfreude in einem angesagten Hotel ein. Was niemand ahnt: Dieser Tag wird keiner je vergessen\u2026 denn nichts ist so, wie man sich das vorgestellt hatte!<\/p>\n<\/div>\n<\/div>\n<div class=\"row\">\n<div class=\"col-xs-12\">\n<h3>Theater Auff\u00fchrungen<\/h3>\n<\/div>\n<\/div>\n<div class=\"row dates\">\n<div class=\"col-xs-12 col-sm-6\">\n<p>Samstag 08. November 2025 20:00 Uhr<\/p>\n<p>Sonntag 09. November 2025 14:00 Uhr<\/p>\n<\/div>\n<div class=\"col-xs-12 col-sm-6\">\n<p>Freitag 14. November 2025 20:00 Uhr<\/p>\n<p>Samstag 15. November 2025 20:00 Uhr<\/p>\n<\/div>\n<div class=\"col-xs-12\">\n<p>T\u00fcr\u00f6ffnung am Freitag &amp; Samstag ist um 18:30 Uhr, am Sonntag um 12:00 Uhr.<\/p>\n<\/div>\n<\/div>\n<p>Alle weiteren Informationen finden Sie unter <a href=\"http:\/\/www.theater-tvwallbach.ch\">www.theater-tvwallbach.ch<\/a><\/p>\n<\/div>\n<\/div>\n","protected":false},"excerpt":{"rendered":"<p>Save\u00a0 the Date Lustspiel in zwei Akten von Claudia Gysel Die Eltern von Mailin Huber und Luca St\u00e4hli erhalten ein K\u00e4rtchen mit den mysteri\u00f6sen Worten &hellip; <\/p>\n","protected":false},"author":1,"featured_media":814,"parent":15,"menu_order":1,"comment_status":"closed","ping_status":"closed","template":"","meta":{"footnotes":""},"class_list":["post-71","page","type-page","status-publish","has-post-thumbnail","hentry"],"_links":{"self":[{"href":"https:\/\/tv-wallbach.ch\/index.php?rest_route=\/wp\/v2\/pages\/71","targetHints":{"allow":["GET"]}}],"collection":[{"href":"https:\/\/tv-wallbach.ch\/index.php?rest_route=\/wp\/v2\/pages"}],"about":[{"href":"https:\/\/tv-wallbach.ch\/index.php?rest_route=\/wp\/v2\/types\/page"}],"author":[{"embeddable":true,"href":"https:\/\/tv-wallbach.ch\/index.php?rest_route=\/wp\/v2\/users\/1"}],"replies":[{"embeddable":true,"href":"https:\/\/tv-wallbach.ch\/index.php?rest_route=%2Fwp%2Fv2%2Fcomments&post=71"}],"version-history":[{"count":10,"href":"https:\/\/tv-wallbach.ch\/index.php?rest_route=\/wp\/v2\/pages\/71\/revisions"}],"predecessor-version":[{"id":815,"href":"https:\/\/tv-wallbach.ch\/index.php?rest_route=\/wp\/v2\/pages\/71\/revisions\/815"}],"up":[{"embeddable":true,"href":"https:\/\/tv-wallbach.ch\/index.php?rest_route=\/wp\/v2\/pages\/15"}],"wp:featuredmedia":[{"embeddable":true,"href":"https:\/\/tv-wallbach.ch\/index.php?rest_route=\/wp\/v2\/media\/814"}],"wp:attachment":[{"href":"https:\/\/tv-wallbach.ch\/index.php?rest_route=%2Fwp%2Fv2%2Fmedia&parent=71"}],"curies":[{"name":"wp","href":"https:\/\/api.w.org\/{rel}","templated":true}]}}